{"id":698,"date":"2020-07-08T10:55:20","date_gmt":"2020-07-08T10:55:20","guid":{"rendered":"http:\/\/samtech.at\/hemp-extraction\/"},"modified":"2020-08-05T13:35:03","modified_gmt":"2020-08-05T11:35:03","slug":"hanfextrakte","status":"publish","type":"page","link":"https:\/\/samtech.at\/de\/hanfextrakte\/","title":{"rendered":"Hanfextrakte"},"content":{"rendered":"\n<style type=\"text\/css\" data-created_by=\"avia_inline_auto\" id=\"style-css-av-kcd1pnf5-b48b0577079a04d17280eea86e073fa3\">\n.avia-section.av-kcd1pnf5-b48b0577079a04d17280eea86e073fa3{\nbackground-repeat:no-repeat;\nbackground-image:url(https:\/\/samtech.at\/wp-content\/uploads\/2020\/07\/hemp.png);\nbackground-position:50% 100%;\nbackground-attachment:scroll;\n}\n<\/style>\n<div id='av_section_1'  class='avia-section av-kcd1pnf5-b48b0577079a04d17280eea86e073fa3 main_color avia-section-default avia-no-border-styling  avia-builder-el-0  el_before_av_section  avia-builder-el-first  avia-full-stretch avia-bg-style-scroll av-minimum-height av-minimum-height-custom  container_wrap fullsize'  data-section-bg-repeat='stretch'><div class='container av-section-cont-open' style='height:600px'><main  role=\"main\" itemprop=\"mainContentOfPage\"  class='template-page content  av-content-full alpha units'><div class='post-entry post-entry-type-page post-entry-698'><div class='entry-content-wrapper clearfix'>\n<div class='flex_column_table av-kcd22hom-bcd78f0630ffa2c2257a37b30d97f14c sc-av_one_full av-equal-height-column-flextable'>\n<style type=\"text\/css\" data-created_by=\"avia_inline_auto\" id=\"style-css-av-kcd22hom-bcd78f0630ffa2c2257a37b30d97f14c\">\n#top .flex_column_table.av-equal-height-column-flextable.av-kcd22hom-bcd78f0630ffa2c2257a37b30d97f14c{\nmargin-top:-100px;\nmargin-bottom:0px;\n}\n.flex_column.av-kcd22hom-bcd78f0630ffa2c2257a37b30d97f14c{\nborder-radius:0px 0px 0px 0px;\n-webkit-border-radius:0px 0px 0px 0px;\n-moz-border-radius:0px 0px 0px 0px;\n}\n<\/style>\n<div class='flex_column av-kcd22hom-bcd78f0630ffa2c2257a37b30d97f14c av_one_full  avia-builder-el-1  avia-builder-el-no-sibling  first flex_column_table_cell av-equal-height-column av-align-middle av-zero-column-padding '   ><style type=\"text\/css\" data-created_by=\"avia_inline_auto\" id=\"style-css-av-kcn9bqud-eacd978b76eba28cbd3b640bb1f64098\">\n#top .av-special-heading.av-kcn9bqud-eacd978b76eba28cbd3b640bb1f64098{\npadding-bottom:10px;\ncolor:#ffffff;\nfont-size:90px;\n}\nbody .av-special-heading.av-kcn9bqud-eacd978b76eba28cbd3b640bb1f64098 .av-special-heading-tag .heading-char{\nfont-size:25px;\n}\n#top #wrap_all .av-special-heading.av-kcn9bqud-eacd978b76eba28cbd3b640bb1f64098 .av-special-heading-tag{\nfont-size:90px;\n}\n.av-special-heading.av-kcn9bqud-eacd978b76eba28cbd3b640bb1f64098 .special-heading-inner-border{\nborder-color:#ffffff;\n}\n.av-special-heading.av-kcn9bqud-eacd978b76eba28cbd3b640bb1f64098 .av-subheading{\nfont-size:30px;\n}\n\n@media only screen and (min-width: 480px) and (max-width: 767px){ \n#top #wrap_all .av-special-heading.av-kcn9bqud-eacd978b76eba28cbd3b640bb1f64098 .av-special-heading-tag{\nfont-size:50px;\n}\n}\n\n@media only screen and (max-width: 479px){ \n#top #wrap_all .av-special-heading.av-kcn9bqud-eacd978b76eba28cbd3b640bb1f64098 .av-special-heading-tag{\nfont-size:50px;\n}\n}\n<\/style>\n<div  class='av-special-heading av-kcn9bqud-eacd978b76eba28cbd3b640bb1f64098 av-special-heading-h1 custom-color-heading blockquote modern-quote modern-centered  avia-builder-el-2  avia-builder-el-no-sibling  av-inherit-size'><h1 class='av-special-heading-tag'  itemprop=\"headline\"  >Hanfextrakte<\/h1><div class=\"special-heading-border\"><div class=\"special-heading-inner-border\"><\/div><\/div><\/div><\/div><\/div><!--close column table wrapper. Autoclose: 1 -->\n\n<\/div><\/div><\/main><!-- close content main element --><\/div><\/div>\n<style type=\"text\/css\" data-created_by=\"avia_inline_auto\" id=\"style-css-av-9q7ee-6a8ae05ca456c5a657b24ca8d3e995a4\">\n.avia-section.av-9q7ee-6a8ae05ca456c5a657b24ca8d3e995a4{\nbackground-color:rgba(0,0,0,0.01);\nmargin-top:-120px;\nmargin-bottom:0px;\n}\n<\/style>\n<div id='av_section_2'  class='avia-section av-9q7ee-6a8ae05ca456c5a657b24ca8d3e995a4 main_color avia-section-default avia-no-border-styling  avia-builder-el-3  el_after_av_section  avia-builder-el-last  avia-bg-style-scroll container_wrap fullsize'  ><div class='container av-section-cont-open' ><div class='template-page content  av-content-full alpha units'><div class='post-entry post-entry-type-page post-entry-698'><div class='entry-content-wrapper clearfix'>\n\n<style type=\"text\/css\" data-created_by=\"avia_inline_auto\" id=\"style-css-av-kcfx12l4-456cf0bc038ae43f431c5bbd5946e8d5\">\n#top .hr.hr-invisible.av-kcfx12l4-456cf0bc038ae43f431c5bbd5946e8d5{\nheight:30px;\n}\n<\/style>\n<div  class='hr av-kcfx12l4-456cf0bc038ae43f431c5bbd5946e8d5 hr-invisible  avia-builder-el-4  el_before_av_one_full  avia-builder-el-first '><span class='hr-inner '><span class=\"hr-inner-style\"><\/span><\/span><\/div>\n\n<style type=\"text\/css\" data-created_by=\"avia_inline_auto\" id=\"style-css-av-kcd9boui-42cb4acb8e5d8162ed864d14383e3114\">\n.flex_column.av-kcd9boui-42cb4acb8e5d8162ed864d14383e3114{\nborder-radius:0px 0px 0px 0px;\n-webkit-border-radius:0px 0px 0px 0px;\n-moz-border-radius:0px 0px 0px 0px;\n}\n<\/style>\n<div class='flex_column av-kcd9boui-42cb4acb8e5d8162ed864d14383e3114 av_one_full  avia-builder-el-5  el_after_av_hr  el_before_av_one_full  first flex_column_div  av-animated-generic left-to-right av-zero-column-padding '   ><p>\n<style type=\"text\/css\" data-created_by=\"avia_inline_auto\" id=\"style-css-av-av_heading-e7c383746df284e0a7dd27d088bf4106\">\n#top .av-special-heading.av-av_heading-e7c383746df284e0a7dd27d088bf4106{\npadding-bottom:10px;\n}\nbody .av-special-heading.av-av_heading-e7c383746df284e0a7dd27d088bf4106 .av-special-heading-tag .heading-char{\nfont-size:25px;\n}\n.av-special-heading.av-av_heading-e7c383746df284e0a7dd27d088bf4106 .av-subheading{\nfont-size:15px;\n}\n\n@media only screen and (min-width: 480px) and (max-width: 767px){ \n#top #wrap_all .av-special-heading.av-av_heading-e7c383746df284e0a7dd27d088bf4106 .av-special-heading-tag{\nfont-size:40px;\n}\n}\n\n@media only screen and (max-width: 479px){ \n#top #wrap_all .av-special-heading.av-av_heading-e7c383746df284e0a7dd27d088bf4106 .av-special-heading-tag{\nfont-size:40px;\n}\n}\n<\/style>\n<div  class='av-special-heading av-av_heading-e7c383746df284e0a7dd27d088bf4106 av-special-heading-h2 blockquote modern-quote  avia-builder-el-6  el_before_av_hr  avia-builder-el-first '><h2 class='av-special-heading-tag'  itemprop=\"headline\"  >Hanfextrakte mit unseren DIG-MAZ-Systemen<\/h2><div class=\"special-heading-border\"><div class=\"special-heading-inner-border\"><\/div><\/div><\/div><br \/>\n\n<style type=\"text\/css\" data-created_by=\"avia_inline_auto\" id=\"style-css-av-kcbxsf9l-4d18a4746be3930269cebd03250b1131\">\n#top .hr.av-kcbxsf9l-4d18a4746be3930269cebd03250b1131{\nmargin-top:10px;\nmargin-bottom:10px;\n}\n.hr.av-kcbxsf9l-4d18a4746be3930269cebd03250b1131 .hr-inner{\nwidth:60px;\nborder-color:#36b684;\n}\n<\/style>\n<div  class='hr av-kcbxsf9l-4d18a4746be3930269cebd03250b1131 hr-custom  avia-builder-el-7  el_after_av_heading  el_before_av_textblock  hr-left hr-icon-no'><span class='hr-inner inner-border-av-border-fat'><span class=\"hr-inner-style\"><\/span><\/span><\/div><br \/>\n<section  class='av_textblock_section av-m82m6-8def80c5cd0d57f6f472b3d059bc8235'  itemscope=\"itemscope\" itemtype=\"https:\/\/schema.org\/CreativeWork\" ><div class='avia_textblock'  itemprop=\"text\" ><\/div><\/section><\/p><\/div>\n<style type=\"text\/css\" data-created_by=\"avia_inline_auto\" id=\"style-css-av-kcd9buon-76add7eb43ea7854796b576f541da032\">\n.flex_column.av-kcd9buon-76add7eb43ea7854796b576f541da032{\nborder-radius:0px 0px 0px 0px;\n-webkit-border-radius:0px 0px 0px 0px;\n-moz-border-radius:0px 0px 0px 0px;\n}\n<\/style>\n<div class='flex_column av-kcd9buon-76add7eb43ea7854796b576f541da032 av_one_full  avia-builder-el-9  el_after_av_one_full  el_before_av_one_half  first flex_column_div  av-animated-generic left-to-right av-zero-column-padding column-top-margin'   ><p>\n<style type=\"text\/css\" data-created_by=\"avia_inline_auto\" id=\"style-css-av-kdhanl0k-216634ca8deaf4a3aaa9c4adf6086972\">\n#top .av-special-heading.av-kdhanl0k-216634ca8deaf4a3aaa9c4adf6086972{\npadding-bottom:10px;\n}\nbody .av-special-heading.av-kdhanl0k-216634ca8deaf4a3aaa9c4adf6086972 .av-special-heading-tag .heading-char{\nfont-size:25px;\n}\n.av-special-heading.av-kdhanl0k-216634ca8deaf4a3aaa9c4adf6086972 .av-subheading{\nfont-size:15px;\n}\n<\/style>\n<div  class='av-special-heading av-kdhanl0k-216634ca8deaf4a3aaa9c4adf6086972 av-special-heading-h3 blockquote modern-quote  avia-builder-el-10  el_before_av_textblock  avia-builder-el-first '><h3 class='av-special-heading-tag'  itemprop=\"headline\"  >Hochwertige CBD-Extraktion<\/h3><div class=\"special-heading-border\"><div class=\"special-heading-inner-border\"><\/div><\/div><\/div><br \/>\n<section  class='av_textblock_section av-kcd96cz1-4303a7844436c82db6d099f71d41ffe4'  itemscope=\"itemscope\" itemtype=\"https:\/\/schema.org\/CreativeWork\" ><div class='avia_textblock'  itemprop=\"text\" ><p>Die Extraktionsmethode und die Art der Extraktionsanlage beeinflussen die Qualit\u00e4t und Ausbeute des CBD-Extrakts erheblich. Unsere DIG-MAZ-Extraktionsanlage produziert reine CBD-Extrakte aus Hanf.<\/p>\n<p>Diese Anlagen k\u00f6nnen bei \u2013 40\u00b0C betrieben werden. Das L\u00f6semittel wird rezirkuliert und wieder in den Extraktionsprozess r\u00fcckgef\u00fchrt.<\/p>\n<\/div><\/section><\/p><\/div><div class='flex_column_table av-kcd98s9r-5ebf7e72d65664bf262e769da886d3fa sc-av_one_half av-equal-height-column-flextable'>\n<style type=\"text\/css\" data-created_by=\"avia_inline_auto\" id=\"style-css-av-kcd98s9r-5ebf7e72d65664bf262e769da886d3fa\">\n.flex_column.av-kcd98s9r-5ebf7e72d65664bf262e769da886d3fa{\nborder-radius:0px 0px 0px 0px;\n-webkit-border-radius:0px 0px 0px 0px;\n-moz-border-radius:0px 0px 0px 0px;\n}\n<\/style>\n<div class='flex_column av-kcd98s9r-5ebf7e72d65664bf262e769da886d3fa av_one_half  avia-builder-el-12  el_after_av_one_full  el_before_av_one_half  first flex_column_table_cell av-equal-height-column av-align-middle  av-animated-generic left-to-right av-zero-column-padding column-top-margin'   ><p>\n<style type=\"text\/css\" data-created_by=\"avia_inline_auto\" id=\"style-css-av-av_heading-4012a8b7066dfb93ab9755515b4456fe\">\n#top .av-special-heading.av-av_heading-4012a8b7066dfb93ab9755515b4456fe{\npadding-bottom:10px;\n}\nbody .av-special-heading.av-av_heading-4012a8b7066dfb93ab9755515b4456fe .av-special-heading-tag .heading-char{\nfont-size:25px;\n}\n.av-special-heading.av-av_heading-4012a8b7066dfb93ab9755515b4456fe .av-subheading{\nfont-size:15px;\n}\n<\/style>\n<div  class='av-special-heading av-av_heading-4012a8b7066dfb93ab9755515b4456fe av-special-heading-h3 blockquote modern-quote  avia-builder-el-13  el_before_av_textblock  avia-builder-el-first '><h3 class='av-special-heading-tag'  itemprop=\"headline\"  >Vorteile unserer DIG-MAZ Extraktionsanlagen<\/h3><div class=\"special-heading-border\"><div class=\"special-heading-inner-border\"><\/div><\/div><\/div><br \/>\n<section  class='av_textblock_section av-kcd96cz1-4303a7844436c82db6d099f71d41ffe4'  itemscope=\"itemscope\" itemtype=\"https:\/\/schema.org\/CreativeWork\" ><div class='avia_textblock'  itemprop=\"text\" ><ul>\n<li>Gewinnung von hochwertigem Hanfextrakt<\/li>\n<li>Erweiterte Automatisierung und programmierbare Prozesse<\/li>\n<li>Automatisierte Steuerungs-, \u00dcberwachungs- und Sicherheitssysteme<\/li>\n<li>K\u00fcrzere Extraktionszeit mit h\u00f6heren Ausbeuten und weniger Platzbedarf<\/li>\n<li>Durch die einfache Bedienung kann eine Person den gesamten Produktionsprozess bedienen<\/li>\n<\/ul>\n<\/div><\/section><\/p><\/div><div class='av-flex-placeholder'><\/div>\n<style type=\"text\/css\" data-created_by=\"avia_inline_auto\" id=\"style-css-av-kcd9c551-68612d34208d19715bebc4c33ff5afc9\">\n.flex_column.av-kcd9c551-68612d34208d19715bebc4c33ff5afc9{\nborder-radius:0px 0px 0px 0px;\n-webkit-border-radius:0px 0px 0px 0px;\n-moz-border-radius:0px 0px 0px 0px;\n}\n<\/style>\n<div class='flex_column av-kcd9c551-68612d34208d19715bebc4c33ff5afc9 av_one_half  avia-builder-el-15  el_after_av_one_half  avia-builder-el-last  flex_column_table_cell av-equal-height-column av-align-middle  av-animated-generic right-to-left av-zero-column-padding column-top-margin'   ><style type=\"text\/css\" data-created_by=\"avia_inline_auto\" id=\"style-css-av-kcd9b65s-aade34c41d9ce37805caae53fc1dc622\">\n.avia-image-container.av-kcd9b65s-aade34c41d9ce37805caae53fc1dc622 .av-image-caption-overlay-center{\ncolor:#ffffff;\n}\n<\/style>\n<div  class='avia-image-container av-kcd9b65s-aade34c41d9ce37805caae53fc1dc622 av-styling- av-hover-grow avia-align-center  avia-builder-el-16  avia-builder-el-no-sibling '  itemprop=\"image\" itemscope=\"itemscope\" itemtype=\"https:\/\/schema.org\/ImageObject\" ><div class=\"avia-image-container-inner\"><div class=\"avia-image-overlay-wrap\"><img decoding=\"async\" class='wp-image-2538 avia-img-lazy-loading-not-2538 avia_image' src=\"https:\/\/samtech.at\/wp-content\/uploads\/2020\/07\/digmaz.png\" alt='' title='Extraction_Systems_Samtech_CBD_herbs'  height=\"506\" width=\"500\"  itemprop=\"thumbnailUrl\" srcset=\"https:\/\/samtech.at\/wp-content\/uploads\/2020\/07\/digmaz.png 500w, https:\/\/samtech.at\/wp-content\/uploads\/2020\/07\/digmaz-296x300.png 296w, https:\/\/samtech.at\/wp-content\/uploads\/2020\/07\/digmaz-80x80.png 80w, https:\/\/samtech.at\/wp-content\/uploads\/2020\/07\/digmaz-36x36.png 36w\" sizes=\"(max-width: 500px) 100vw, 500px\" \/><\/div><\/div><\/div><\/div><\/div><!--close column table wrapper. Autoclose: 1 -->\n","protected":false},"excerpt":{"rendered":"","protected":false},"author":1,"featured_media":0,"parent":0,"menu_order":0,"comment_status":"closed","ping_status":"closed","template":"","meta":{"footnotes":""},"class_list":["post-698","page","type-page","status-publish","hentry"],"yoast_head":"<!-- This site is optimized with the Yoast SEO plugin v26.6 - https:\/\/yoast.com\/wordpress\/plugins\/seo\/ -->\n<title>Hanfextrakte - Samtech<\/title>\n<meta name=\"description\" content=\"The CBD (cannabidiol) hemp extract is a natural compound extracted from the whole hemp plant and it has low or undetectable levels of THC.\" \/>\n<meta name=\"robots\" content=\"index, follow, max-snippet:-1, max-image-preview:large, max-video-preview:-1\" \/>\n<link rel=\"canonical\" href=\"https:\/\/samtech.at\/de\/hanfextrakte\/\" \/>\n<meta property=\"og:locale\" content=\"de_DE\" \/>\n<meta property=\"og:type\" content=\"article\" \/>\n<meta property=\"og:title\" content=\"Hemp extraction\" \/>\n<meta property=\"og:description\" content=\"The CBD (cannabidiol) hemp extract is a natural compound extracted from the whole hemp plant and it has low or undetectable levels of THC (tetrahydrocannabinol).\" \/>\n<meta property=\"og:url\" content=\"https:\/\/samtech.at\/de\/hanfextrakte\/\" \/>\n<meta property=\"og:site_name\" content=\"Samtech\" \/>\n<meta property=\"article:modified_time\" content=\"2020-08-05T11:35:03+00:00\" \/>\n<meta property=\"og:image\" content=\"https:\/\/samtech.at\/wp-content\/uploads\/2020\/07\/samtech.jpg\" \/>\n\t<meta property=\"og:image:width\" content=\"1200\" \/>\n\t<meta property=\"og:image:height\" content=\"630\" \/>\n\t<meta property=\"og:image:type\" content=\"image\/jpeg\" \/>\n<meta name=\"twitter:card\" content=\"summary_large_image\" \/>\n<meta name=\"twitter:label1\" content=\"Gesch\u00e4tzte Lesezeit\" \/>\n\t<meta name=\"twitter:data1\" content=\"8\u00a0Minuten\" \/>\n<script type=\"application\/ld+json\" class=\"yoast-schema-graph\">{\"@context\":\"https:\/\/schema.org\",\"@graph\":[{\"@type\":\"WebPage\",\"@id\":\"https:\/\/samtech.at\/de\/hanfextrakte\/\",\"url\":\"https:\/\/samtech.at\/de\/hanfextrakte\/\",\"name\":\"Hanfextrakte - Samtech\",\"isPartOf\":{\"@id\":\"https:\/\/samtech.at\/#website\"},\"datePublished\":\"2020-07-08T10:55:20+00:00\",\"dateModified\":\"2020-08-05T11:35:03+00:00\",\"description\":\"The CBD (cannabidiol) hemp extract is a natural compound extracted from the whole hemp plant and it has low or undetectable levels of THC.\",\"breadcrumb\":{\"@id\":\"https:\/\/samtech.at\/de\/hanfextrakte\/#breadcrumb\"},\"inLanguage\":\"de\",\"potentialAction\":[{\"@type\":\"ReadAction\",\"target\":[\"https:\/\/samtech.at\/de\/hanfextrakte\/\"]}]},{\"@type\":\"BreadcrumbList\",\"@id\":\"https:\/\/samtech.at\/de\/hanfextrakte\/#breadcrumb\",\"itemListElement\":[{\"@type\":\"ListItem\",\"position\":1,\"name\":\"Home\",\"item\":\"https:\/\/samtech.at\/de\/\"},{\"@type\":\"ListItem\",\"position\":2,\"name\":\"Hanfextrakte\"}]},{\"@type\":\"WebSite\",\"@id\":\"https:\/\/samtech.at\/#website\",\"url\":\"https:\/\/samtech.at\/\",\"name\":\"Samtech\",\"description\":\"Find out everything you need to know about our Extraction Systems\",\"potentialAction\":[{\"@type\":\"SearchAction\",\"target\":{\"@type\":\"EntryPoint\",\"urlTemplate\":\"https:\/\/samtech.at\/?s={search_term_string}\"},\"query-input\":{\"@type\":\"PropertyValueSpecification\",\"valueRequired\":true,\"valueName\":\"search_term_string\"}}],\"inLanguage\":\"de\"}]}<\/script>\n<!-- \/ Yoast SEO plugin. -->","yoast_head_json":{"title":"Hanfextrakte - Samtech","description":"The CBD (cannabidiol) hemp extract is a natural compound extracted from the whole hemp plant and it has low or undetectable levels of THC.","robots":{"index":"index","follow":"follow","max-snippet":"max-snippet:-1","max-image-preview":"max-image-preview:large","max-video-preview":"max-video-preview:-1"},"canonical":"https:\/\/samtech.at\/de\/hanfextrakte\/","og_locale":"de_DE","og_type":"article","og_title":"Hemp extraction","og_description":"The CBD (cannabidiol) hemp extract is a natural compound extracted from the whole hemp plant and it has low or undetectable levels of THC (tetrahydrocannabinol).","og_url":"https:\/\/samtech.at\/de\/hanfextrakte\/","og_site_name":"Samtech","article_modified_time":"2020-08-05T11:35:03+00:00","og_image":[{"width":1200,"height":630,"url":"https:\/\/samtech.at\/wp-content\/uploads\/2020\/07\/samtech.jpg","type":"image\/jpeg"}],"twitter_card":"summary_large_image","twitter_misc":{"Gesch\u00e4tzte Lesezeit":"8\u00a0Minuten"},"schema":{"@context":"https:\/\/schema.org","@graph":[{"@type":"WebPage","@id":"https:\/\/samtech.at\/de\/hanfextrakte\/","url":"https:\/\/samtech.at\/de\/hanfextrakte\/","name":"Hanfextrakte - Samtech","isPartOf":{"@id":"https:\/\/samtech.at\/#website"},"datePublished":"2020-07-08T10:55:20+00:00","dateModified":"2020-08-05T11:35:03+00:00","description":"The CBD (cannabidiol) hemp extract is a natural compound extracted from the whole hemp plant and it has low or undetectable levels of THC.","breadcrumb":{"@id":"https:\/\/samtech.at\/de\/hanfextrakte\/#breadcrumb"},"inLanguage":"de","potentialAction":[{"@type":"ReadAction","target":["https:\/\/samtech.at\/de\/hanfextrakte\/"]}]},{"@type":"BreadcrumbList","@id":"https:\/\/samtech.at\/de\/hanfextrakte\/#breadcrumb","itemListElement":[{"@type":"ListItem","position":1,"name":"Home","item":"https:\/\/samtech.at\/de\/"},{"@type":"ListItem","position":2,"name":"Hanfextrakte"}]},{"@type":"WebSite","@id":"https:\/\/samtech.at\/#website","url":"https:\/\/samtech.at\/","name":"Samtech","description":"Find out everything you need to know about our Extraction Systems","potentialAction":[{"@type":"SearchAction","target":{"@type":"EntryPoint","urlTemplate":"https:\/\/samtech.at\/?s={search_term_string}"},"query-input":{"@type":"PropertyValueSpecification","valueRequired":true,"valueName":"search_term_string"}}],"inLanguage":"de"}]}},"_links":{"self":[{"href":"https:\/\/samtech.at\/de\/wp-json\/wp\/v2\/pages\/698","targetHints":{"allow":["GET"]}}],"collection":[{"href":"https:\/\/samtech.at\/de\/wp-json\/wp\/v2\/pages"}],"about":[{"href":"https:\/\/samtech.at\/de\/wp-json\/wp\/v2\/types\/page"}],"author":[{"embeddable":true,"href":"https:\/\/samtech.at\/de\/wp-json\/wp\/v2\/users\/1"}],"replies":[{"embeddable":true,"href":"https:\/\/samtech.at\/de\/wp-json\/wp\/v2\/comments?post=698"}],"version-history":[{"count":0,"href":"https:\/\/samtech.at\/de\/wp-json\/wp\/v2\/pages\/698\/revisions"}],"wp:attachment":[{"href":"https:\/\/samtech.at\/de\/wp-json\/wp\/v2\/media?parent=698"}],"curies":[{"name":"wp","href":"https:\/\/api.w.org\/{rel}","templated":true}]}}